{"id":641,"date":"2022-11-01T11:10:30","date_gmt":"2022-11-01T15:10:30","guid":{"rendered":"https:\/\/emarksolutions.com\/session-de-strategie-gratuite\/"},"modified":"2022-11-11T18:00:13","modified_gmt":"2022-11-11T22:00:13","slug":"session-de-strategie-gratuite","status":"publish","type":"page","link":"https:\/\/emarksolutions.com\/fr\/session-de-strategie-gratuite\/","title":{"rendered":"Session de strat\u00e9gie gratuite"},"content":{"rendered":"<p>[et_pb_section fb_built=\u00a0\u00bb1&Prime; _builder_version=\u00a0\u00bb4.18.1&Prime; _module_preset=\u00a0\u00bbdefault\u00a0\u00bb use_background_color_gradient=\u00a0\u00bbon\u00a0\u00bb background_color_gradient_direction=\u00a0\u00bb130deg\u00a0\u00bb background_color_gradient_stops=\u00a0\u00bb#bd29d1 26%|#6b25b2 100%\u00a0\u00bb background_image=\u00a0\u00bbhttps:\/\/emarksolutions.com\/wp-content\/uploads\/2022\/10\/Emark-Backgrnd.png\u00a0\u00bb background_blend=\u00a0\u00bbsoft-light\u00a0\u00bb custom_padding=\u00a0\u00bb0px||0px||false|false\u00a0\u00bb global_colors_info=\u00a0\u00bb{}\u00a0\u00bb][et_pb_row _builder_version=\u00a0\u00bb4.18.1&Prime; _module_preset=\u00a0\u00bbdefault\u00a0\u00bb custom_margin=\u00a0\u00bb0px||0px||false|false\u00a0\u00bb custom_padding=\u00a0\u00bb0px||0px||false|false\u00a0\u00bb hover_enabled=\u00a0\u00bb0&Prime; global_colors_info=\u00a0\u00bb{}\u00a0\u00bb sticky_enabled=\u00a0\u00bb0&Prime;][et_pb_column type=\u00a0\u00bb4_4&Prime; _builder_version=\u00a0\u00bb4.18.1&Prime; _module_preset=\u00a0\u00bbdefault\u00a0\u00bb global_colors_info=\u00a0\u00bb{}\u00a0\u00bb][et_pb_code _builder_version=\u00a0\u00bb4.18.1&Prime; _module_preset=\u00a0\u00bbdefault\u00a0\u00bb custom_margin=\u00a0\u00bb0px||0px||false|false\u00a0\u00bb custom_padding=\u00a0\u00bb0px||50px||false|false\u00a0\u00bb hover_enabled=\u00a0\u00bb0&Prime; global_colors_info=\u00a0\u00bb{}\u00a0\u00bb sticky_enabled=\u00a0\u00bb0&Prime;]<!-- Calendly inline widget begin --><!-- [et_pb_line_break_holder] --><\/p>\n<div class=\"calendly-inline-widget\" data-url=\"https:\/\/calendly.com\/emark-solutions\/30min?hide_landing_page_details=1&amp;hide_gdpr_banner=1&amp;primary_color=7b2cd9\" style=\"min-width:50%;height:660px;\"><\/div>\n<p><!-- [et_pb_line_break_holder] --><script type=\"text\/javascript\" src=\"https:\/\/assets.calendly.com\/assets\/external\/widget.js\" async=\"\"><\/script><!-- [et_pb_line_break_holder] --><!-- Calendly inline widget end -->[\/et_pb_code][\/et_pb_column][\/et_pb_row][\/et_pb_section]<\/p>\n","protected":false},"excerpt":{"rendered":"","protected":false},"author":1,"featured_media":0,"parent":0,"menu_order":0,"comment_status":"closed","ping_status":"closed","template":"","meta":{"_et_pb_use_builder":"on","_et_pb_old_content":"","_et_gb_content_width":"","content-type":"","footnotes":""},"class_list":["post-641","page","type-page","status-publish","hentry"],"yoast_head":"<!-- This site is optimized with the Yoast SEO plugin v27.4 - https:\/\/yoast.com\/product\/yoast-seo-wordpress\/ -->\n<title>Session de strat\u00e9gie gratuite - \u0112MARK<\/title>\n<meta name=\"robots\" content=\"index, follow, max-snippet:-1, max-image-preview:large, max-video-preview:-1\" \/>\n<link rel=\"canonical\" href=\"https:\/\/emarksolutions.com\/fr\/session-de-strategie-gratuite\/\" \/>\n<meta property=\"og:locale\" content=\"fr_FR\" \/>\n<meta property=\"og:type\" content=\"article\" \/>\n<meta property=\"og:title\" content=\"Session de strat\u00e9gie gratuite - \u0112MARK\" \/>\n<meta property=\"og:url\" content=\"https:\/\/emarksolutions.com\/fr\/session-de-strategie-gratuite\/\" \/>\n<meta property=\"og:site_name\" content=\"\u0112MARK\" \/>\n<meta property=\"article:modified_time\" content=\"2022-11-11T22:00:13+00:00\" \/>\n<meta name=\"twitter:card\" content=\"summary_large_image\" \/>\n<meta name=\"twitter:label1\" content=\"Dur\u00e9e de lecture estim\u00e9e\" \/>\n\t<meta name=\"twitter:data1\" content=\"1 minute\" \/>\n<script type=\"application\/ld+json\" class=\"yoast-schema-graph\">{\"@context\":\"https:\\\/\\\/schema.org\",\"@graph\":[{\"@type\":\"WebPage\",\"@id\":\"https:\\\/\\\/emarksolutions.com\\\/fr\\\/session-de-strategie-gratuite\\\/\",\"url\":\"https:\\\/\\\/emarksolutions.com\\\/fr\\\/session-de-strategie-gratuite\\\/\",\"name\":\"Session de strat\u00e9gie gratuite - \u0112MARK\",\"isPartOf\":{\"@id\":\"https:\\\/\\\/emarksolutions.com\\\/fr\\\/#website\"},\"datePublished\":\"2022-11-01T15:10:30+00:00\",\"dateModified\":\"2022-11-11T22:00:13+00:00\",\"breadcrumb\":{\"@id\":\"https:\\\/\\\/emarksolutions.com\\\/fr\\\/session-de-strategie-gratuite\\\/#breadcrumb\"},\"inLanguage\":\"fr-FR\",\"potentialAction\":[{\"@type\":\"ReadAction\",\"target\":[\"https:\\\/\\\/emarksolutions.com\\\/fr\\\/session-de-strategie-gratuite\\\/\"]}]},{\"@type\":\"BreadcrumbList\",\"@id\":\"https:\\\/\\\/emarksolutions.com\\\/fr\\\/session-de-strategie-gratuite\\\/#breadcrumb\",\"itemListElement\":[{\"@type\":\"ListItem\",\"position\":1,\"name\":\"Home\",\"item\":\"https:\\\/\\\/emarksolutions.com\\\/fr\\\/\"},{\"@type\":\"ListItem\",\"position\":2,\"name\":\"Session de strat\u00e9gie gratuite\"}]},{\"@type\":\"WebSite\",\"@id\":\"https:\\\/\\\/emarksolutions.com\\\/fr\\\/#website\",\"url\":\"https:\\\/\\\/emarksolutions.com\\\/fr\\\/\",\"name\":\"\u0112MARK\",\"description\":\"Full-Service Digital Marketing\",\"publisher\":{\"@id\":\"https:\\\/\\\/emarksolutions.com\\\/fr\\\/#organization\"},\"potentialAction\":[{\"@type\":\"SearchAction\",\"target\":{\"@type\":\"EntryPoint\",\"urlTemplate\":\"https:\\\/\\\/emarksolutions.com\\\/fr\\\/?s={search_term_string}\"},\"query-input\":{\"@type\":\"PropertyValueSpecification\",\"valueRequired\":true,\"valueName\":\"search_term_string\"}}],\"inLanguage\":\"fr-FR\"},{\"@type\":\"Organization\",\"@id\":\"https:\\\/\\\/emarksolutions.com\\\/fr\\\/#organization\",\"name\":\"\u0112MARK\",\"url\":\"https:\\\/\\\/emarksolutions.com\\\/fr\\\/\",\"logo\":{\"@type\":\"ImageObject\",\"inLanguage\":\"fr-FR\",\"@id\":\"https:\\\/\\\/emarksolutions.com\\\/fr\\\/#\\\/schema\\\/logo\\\/image\\\/\",\"url\":\"https:\\\/\\\/emarksolutions.com\\\/wp-content\\\/uploads\\\/2022\\\/10\\\/emark.jpeg\",\"contentUrl\":\"https:\\\/\\\/emarksolutions.com\\\/wp-content\\\/uploads\\\/2022\\\/10\\\/emark.jpeg\",\"width\":200,\"height\":200,\"caption\":\"\u0112MARK\"},\"image\":{\"@id\":\"https:\\\/\\\/emarksolutions.com\\\/fr\\\/#\\\/schema\\\/logo\\\/image\\\/\"}}]}<\/script>\n<!-- \/ Yoast SEO plugin. -->","yoast_head_json":{"title":"Session de strat\u00e9gie gratuite - \u0112MARK","robots":{"index":"index","follow":"follow","max-snippet":"max-snippet:-1","max-image-preview":"max-image-preview:large","max-video-preview":"max-video-preview:-1"},"canonical":"https:\/\/emarksolutions.com\/fr\/session-de-strategie-gratuite\/","og_locale":"fr_FR","og_type":"article","og_title":"Session de strat\u00e9gie gratuite - \u0112MARK","og_url":"https:\/\/emarksolutions.com\/fr\/session-de-strategie-gratuite\/","og_site_name":"\u0112MARK","article_modified_time":"2022-11-11T22:00:13+00:00","twitter_card":"summary_large_image","twitter_misc":{"Dur\u00e9e de lecture estim\u00e9e":"1 minute"},"schema":{"@context":"https:\/\/schema.org","@graph":[{"@type":"WebPage","@id":"https:\/\/emarksolutions.com\/fr\/session-de-strategie-gratuite\/","url":"https:\/\/emarksolutions.com\/fr\/session-de-strategie-gratuite\/","name":"Session de strat\u00e9gie gratuite - \u0112MARK","isPartOf":{"@id":"https:\/\/emarksolutions.com\/fr\/#website"},"datePublished":"2022-11-01T15:10:30+00:00","dateModified":"2022-11-11T22:00:13+00:00","breadcrumb":{"@id":"https:\/\/emarksolutions.com\/fr\/session-de-strategie-gratuite\/#breadcrumb"},"inLanguage":"fr-FR","potentialAction":[{"@type":"ReadAction","target":["https:\/\/emarksolutions.com\/fr\/session-de-strategie-gratuite\/"]}]},{"@type":"BreadcrumbList","@id":"https:\/\/emarksolutions.com\/fr\/session-de-strategie-gratuite\/#breadcrumb","itemListElement":[{"@type":"ListItem","position":1,"name":"Home","item":"https:\/\/emarksolutions.com\/fr\/"},{"@type":"ListItem","position":2,"name":"Session de strat\u00e9gie gratuite"}]},{"@type":"WebSite","@id":"https:\/\/emarksolutions.com\/fr\/#website","url":"https:\/\/emarksolutions.com\/fr\/","name":"\u0112MARK","description":"Full-Service Digital Marketing","publisher":{"@id":"https:\/\/emarksolutions.com\/fr\/#organization"},"potentialAction":[{"@type":"SearchAction","target":{"@type":"EntryPoint","urlTemplate":"https:\/\/emarksolutions.com\/fr\/?s={search_term_string}"},"query-input":{"@type":"PropertyValueSpecification","valueRequired":true,"valueName":"search_term_string"}}],"inLanguage":"fr-FR"},{"@type":"Organization","@id":"https:\/\/emarksolutions.com\/fr\/#organization","name":"\u0112MARK","url":"https:\/\/emarksolutions.com\/fr\/","logo":{"@type":"ImageObject","inLanguage":"fr-FR","@id":"https:\/\/emarksolutions.com\/fr\/#\/schema\/logo\/image\/","url":"https:\/\/emarksolutions.com\/wp-content\/uploads\/2022\/10\/emark.jpeg","contentUrl":"https:\/\/emarksolutions.com\/wp-content\/uploads\/2022\/10\/emark.jpeg","width":200,"height":200,"caption":"\u0112MARK"},"image":{"@id":"https:\/\/emarksolutions.com\/fr\/#\/schema\/logo\/image\/"}}]}},"_links":{"self":[{"href":"https:\/\/emarksolutions.com\/fr\/wp-json\/wp\/v2\/pages\/641","targetHints":{"allow":["GET"]}}],"collection":[{"href":"https:\/\/emarksolutions.com\/fr\/wp-json\/wp\/v2\/pages"}],"about":[{"href":"https:\/\/emarksolutions.com\/fr\/wp-json\/wp\/v2\/types\/page"}],"author":[{"embeddable":true,"href":"https:\/\/emarksolutions.com\/fr\/wp-json\/wp\/v2\/users\/1"}],"replies":[{"embeddable":true,"href":"https:\/\/emarksolutions.com\/fr\/wp-json\/wp\/v2\/comments?post=641"}],"version-history":[{"count":5,"href":"https:\/\/emarksolutions.com\/fr\/wp-json\/wp\/v2\/pages\/641\/revisions"}],"predecessor-version":[{"id":646,"href":"https:\/\/emarksolutions.com\/fr\/wp-json\/wp\/v2\/pages\/641\/revisions\/646"}],"wp:attachment":[{"href":"https:\/\/emarksolutions.com\/fr\/wp-json\/wp\/v2\/media?parent=641"}],"curies":[{"name":"wp","href":"https:\/\/api.w.org\/{rel}","templated":true}]}}